{"id":13,"date":"2023-05-14T09:11:26","date_gmt":"2023-05-14T09:11:26","guid":{"rendered":"https:\/\/www.diversoft-game.es\/games\/?page_id=13"},"modified":"2024-01-21T12:59:20","modified_gmt":"2024-01-21T12:59:20","slug":"the-hostel-by-jonatan-iglesias","status":"publish","type":"page","link":"https:\/\/www.diversoft-game.es\/games\/","title":{"rendered":"THE HOSTEL: Night Terrors"},"content":{"rendered":"\n<figure class=\"wp-block-image size-full wp-duotone-unset-1\"><img loading=\"lazy\" decoding=\"async\" width=\"1920\" height=\"1080\" src=\"https:\/\/www.diversoft-game.es\/games\/wp-content\/uploads\/2024\/01\/fondo-The-hostel.png\" alt=\"\" class=\"wp-image-73\" srcset=\"https:\/\/www.diversoft-game.es\/games\/wp-content\/uploads\/2024\/01\/fondo-The-hostel.png 1920w, https:\/\/www.diversoft-game.es\/games\/wp-content\/uploads\/2024\/01\/fondo-The-hostel-300x169.png 300w, https:\/\/www.diversoft-game.es\/games\/wp-content\/uploads\/2024\/01\/fondo-The-hostel-1024x576.png 1024w, https:\/\/www.diversoft-game.es\/games\/wp-content\/uploads\/2024\/01\/fondo-The-hostel-768x432.png 768w, https:\/\/www.diversoft-game.es\/games\/wp-content\/uploads\/2024\/01\/fondo-The-hostel-1536x864.png 1536w\" sizes=\"auto, (max-width: 1920px) 100vw, 1920px\" \/><\/figure>\n\n\n\n<p><a href=\"http:\/\/store.steampowered.com\/app\/2239540\/The_HOSTEL_Night_terrors\/\"><img loading=\"lazy\" decoding=\"async\" width=\"150\" height=\"84\" class=\"wp-image-69\" style=\"width: 150px;\" src=\"https:\/\/www.diversoft-game.es\/games\/wp-content\/uploads\/2024\/01\/SteamLogo_White.png\" alt=\"\" srcset=\"https:\/\/www.diversoft-game.es\/games\/wp-content\/uploads\/2024\/01\/SteamLogo_White.png 1920w, https:\/\/www.diversoft-game.es\/games\/wp-content\/uploads\/2024\/01\/SteamLogo_White-300x169.png 300w, https:\/\/www.diversoft-game.es\/games\/wp-content\/uploads\/2024\/01\/SteamLogo_White-1024x576.png 1024w, https:\/\/www.diversoft-game.es\/games\/wp-content\/uploads\/2024\/01\/SteamLogo_White-768x432.png 768w, https:\/\/www.diversoft-game.es\/games\/wp-content\/uploads\/2024\/01\/SteamLogo_White-1536x864.png 1536w\" sizes=\"auto, (max-width: 150px) 100vw, 150px\" \/><\/a><\/p>\n\n\n\n<p>Bienvenido a este emocionante juego de terror que te transportar\u00e1 a un hostal en medio de un bosque oscuro y misterioso. La atm\u00f3sfera tensa te mantendr\u00e1 alerta mientras exploras el hostal y te enfrentas a situaciones aterradoras que te pondr\u00e1n los pelos de punta.<\/p>\n\n\n\n<p>Te encontrar\u00e1s con una serie de asesinatos misteriosos que tendr\u00e1s que investigar para descubrir qui\u00e9n est\u00e1 detr\u00e1s de ellos. Pero ten cuidado, el asesino est\u00e1 cerca y har\u00e1 todo lo posible para evitar que lo descubras.<\/p>\n\n\n\n<p>Adem\u00e1s, el hostal est\u00e1 lleno de puzzles desafiantes que tendr\u00e1s que resolver para avanzar en el juego. Pon a prueba tu astucia y habilidades para superarlos y descubrir los secretos ocultos en el hostal.<\/p>\n\n\n\n<p>Este juego de terror te mantendr\u00e1 pegado a la pantalla mientras experimentas emociones intensas y descubres los misterios ocultos en el hostal. \u00bfEst\u00e1s listo para enfrentarte a tus miedos y descubrir la verdad detr\u00e1s de los asesinatos? \u00a1Prep\u00e1rate para una experiencia de juego aterradora y emocionante!<\/p>\n","protected":false},"excerpt":{"rendered":"<p>Bienvenido a este emocionante juego de terror que te transportar\u00e1 a un hostal en medio de un bosque oscuro y misterioso. La atm\u00f3sfera tensa te mantendr\u00e1 alerta mientras exploras el hostal y te enfrentas a situaciones aterradoras que te pondr\u00e1n los pelos de punta. Te encontrar\u00e1s con una serie de asesinatos misteriosos que tendr\u00e1s que [&hellip;]<\/p>\n","protected":false},"author":1,"featured_media":0,"parent":0,"menu_order":0,"comment_status":"closed","ping_status":"closed","template":"","meta":{"footnotes":""},"class_list":["post-13","page","type-page","status-publish","hentry"],"_links":{"self":[{"href":"https:\/\/www.diversoft-game.es\/games\/index.php?rest_route=\/wp\/v2\/pages\/13","targetHints":{"allow":["GET"]}}],"collection":[{"href":"https:\/\/www.diversoft-game.es\/games\/index.php?rest_route=\/wp\/v2\/pages"}],"about":[{"href":"https:\/\/www.diversoft-game.es\/games\/index.php?rest_route=\/wp\/v2\/types\/page"}],"author":[{"embeddable":true,"href":"https:\/\/www.diversoft-game.es\/games\/index.php?rest_route=\/wp\/v2\/users\/1"}],"replies":[{"embeddable":true,"href":"https:\/\/www.diversoft-game.es\/games\/index.php?rest_route=%2Fwp%2Fv2%2Fcomments&post=13"}],"version-history":[{"count":9,"href":"https:\/\/www.diversoft-game.es\/games\/index.php?rest_route=\/wp\/v2\/pages\/13\/revisions"}],"predecessor-version":[{"id":74,"href":"https:\/\/www.diversoft-game.es\/games\/index.php?rest_route=\/wp\/v2\/pages\/13\/revisions\/74"}],"wp:attachment":[{"href":"https:\/\/www.diversoft-game.es\/games\/index.php?rest_route=%2Fwp%2Fv2%2Fmedia&parent=13"}],"curies":[{"name":"wp","href":"https:\/\/api.w.org\/{rel}","templated":true}]}}